{"id":2448,"date":"2021-02-15T21:05:44","date_gmt":"2021-02-15T20:05:44","guid":{"rendered":"https:\/\/duhovyrok.sk\/qys\/?page_id=2448"},"modified":"2021-02-15T21:48:03","modified_gmt":"2021-02-15T20:48:03","slug":"o-nas","status":"publish","type":"page","link":"https:\/\/duhovyrok.sk\/qys\/o-nas\/","title":{"rendered":"O n\u00e1s"},"content":{"rendered":"\n<h3 class=\"wp-block-heading\"><strong>Magaz\u00edn Queer Youth Slovakia (QYS)&nbsp;<\/strong><\/h3>\n\n\n\n<p>LGBTI magaz\u00edn Queer Youth Slovakia (QYS) je tla\u010den\u00fd a online magaz\u00edn, ktor\u00e9ho hlavn\u00fdm cie\u013eom je prin\u00e1\u0161a\u0165 vecn\u00e9, objekt\u00edvne a p\u00fatav\u00e9 inform\u00e1cie, nov\u00e9 poh\u013eady a zauj\u00edmavosti z oblasti queer kult\u00fary, vedy a \u017eivota, ur\u010den\u00fd pre lesby, gejov, bisexu\u00e1lnych, transrodov\u00fdch a&nbsp;intersexu\u00e1lnych \u013eud\u00ed na Slovensku a nielen pre nich, pre ka\u017ed\u00e9ho koho zauj\u00edma nez\u00e1visl\u00e9 umenie a pr\u00edbehy.<\/p>\n\n\n\n<figure class=\"wp-block-image\"><img decoding=\"async\" src=\"https:\/\/qys.sk\/wp-content\/uploads\/2018\/08\/inlustracne-foto-o-nas-2-600x400.jpg\" alt=\"https:\/\/qys.sk\/wp-content\/uploads\/2018\/08\/inlustracne-foto-o-nas-2-600x400.jpg\"\/><\/figure>\n\n\n\n<p>Za\u010dal vych\u00e1dza\u0165 v lete 2016 ako projekt mlad\u00fdch \u013eud\u00ed, ktor\u00ed mali z\u00e1ujem prin\u00e1\u0161a\u0165 objekt\u00edvne a&nbsp;aktu\u00e1lne inform\u00e1cie o komunite. Prim\u00e1rnym a najo\u010dak\u00e1vanej\u0161\u00edm efektom magaz\u00ednu QYS je budovanie novej alternat\u00edvy pochopenia \u201emen\u0161iny v\u00e4\u010d\u0161inou\u201c. Poskytovan\u00edm ojedinel\u00fdch, \u201etriezvych\u201c, i odborn\u00fdch obsahov a inform\u00e1ci\u00ed m\u00e1 magaz\u00edn amb\u00edciu sta\u0165 sa platformou LGBTI ml\u00e1de\u017ee. Tla\u010den\u00e1 verzia vych\u00e1dza raz za \u0161tvr\u0165roka a&nbsp;online verzia sa aktualizuje priebe\u017ene.<\/p>\n\n\n\n<p>Cielen\u00fdm vyh\u013ead\u00e1van\u00edm s\u00favisiacich t\u00e9m z oblasti ich kult\u00fary, vedy a ochrany \u013eudsk\u00fdch pr\u00e1v a podpory tolerancie v spolo\u010dnosti, inform\u00e1ciami o akt\u00edvnej ob\u010dianskej particip\u00e1cii, aktu\u00e1lnom dian\u00ed v dom\u00e1cej i zahrani\u010dnej politike a&nbsp;inform\u00e1cie &nbsp;\u201enevidite\u013enej\u201c \u010dasti queer dej\u00edn Slovenska a i., sa sna\u017e\u00ed projekt vzdel\u00e1va\u0165 mlad\u00fdch \u013eud\u00ed nielen z&nbsp;LGBTI komunity, ale aj z&nbsp;v\u00e4\u010d\u0161inovej spolo\u010dnosti.&nbsp;&nbsp;Magaz\u00edn je nepredajn\u00fd a&nbsp;poskytuje sa bezplatne (v pr\u00edpade zasielania za po\u0161tovn\u00e9).<\/p>\n\n\n\n<h3 class=\"wp-block-heading\"><strong>Pre koho je magaz\u00edn ur\u010den\u00fd<\/strong><\/h3>\n\n\n\n<p>Je ur\u010den\u00fd pre lesby, gejov, bisexu\u00e1lnych, transrodov\u00fdch a&nbsp;intersexu\u00e1lnych \u013eud\u00ed, \u0161pecificky pre mlad\u00fdch LGBTI \u013eud\u00ed. Tie\u017e je ur\u010den\u00fd pre \u0161irok\u00fa verejnos\u0165, v\u00e4\u010d\u0161inov\u00fa popul\u00e1ciu s neutr\u00e1lnym, resp. indiferentn\u00fdm postojom ku LGBTI t\u00e9matike, ke\u010f\u017ee a\u017e 60% Slov\u00e1kov a&nbsp;Sloveniek nepozn\u00e1 vo svojom okol\u00ed LGBT \u010dloveka. Je ur\u010den\u00fd aj pre umeleck\u00e9 centr\u00e1 a kluby (\u013eudia zameran\u00ed na umenie a kult\u00faru), mimovl\u00e1dne organiz\u00e1cie, ob\u010dianske iniciat\u00edvy a zdru\u017eenia, zameran\u00e9 na podporu ochrany \u013eudsk\u00fdch pr\u00e1v. V&nbsp;neposlednom rade z&nbsp;neho m\u00f4\u017eu \u010derpa\u0165 aj odborn\u00edci a&nbsp;odborn\u00ed\u010dky z akademick\u00fdch kruhov a \u0161tudenti a&nbsp;\u0161tudentky stredn\u00fdch a&nbsp;vysok\u00fdch \u0161k\u00f4l.<\/p>\n\n\n\n<h3 class=\"wp-block-heading\"><strong>Kde n\u00e1s n\u00e1jdete<\/strong><\/h3>\n\n\n\n<p>Magaz\u00edn n\u00e1jdete v&nbsp;zn\u00e1mych kult\u00farnych centr\u00e1ch, v LGBTI organiz\u00e1ci\u00e1ch a&nbsp;LGBTI friendly podnikoch ako aj na soci\u00e1lnych sie\u0165ach. Takisto magaz\u00edn pravidelne predstavujeme a rozd\u00e1vame na r\u00f4znych LGBTI akci\u00e1ch a&nbsp;nov\u00e9 \u010d\u00edslo v&nbsp;roku uv\u00e1dzame na otvorenej diskusii. Na po\u017eiadanie vieme aj \u010d\u00edslo zasla\u0165 z\u00e1ujemcom a&nbsp;z\u00e1ujemkyniam.<\/p>\n\n\n\n<h3 class=\"wp-block-heading\"><strong>Kto magaz\u00edn vyd\u00e1va<\/strong><\/h3>\n\n\n\n<p>Magaz\u00edn vyd\u00e1va \u00a0divadlo Nomantinels, ktor\u00e9 funguje od roku 2009. V slovenskom divadelnom kontexte je jedin\u00fdm LGBT divadlom. ktor\u00e9 sa vo svojej tvorbe prioritne zaober\u00e1 t\u00e9mami rodu, pohlavia, LGBTI komunity, rodovej rovnosti, potl\u00e1\u010daniu rodov\u00fdch stereotypov a\u00a0bojom proti diskrimin\u00e1cii. Venuje sa prioritne tvorbe a vzniku autorsk\u00fdch divadeln\u00fdch inscen\u00e1ci\u00ed. Okrem toho realizuje aj workshopy pre LGBTI \u013eud\u00ed a\u00a0verejnos\u0165 na t\u00e9my s\u00favisiace s\u00a0LGBT komunitou. Viac inform\u00e1ci\u00ed n\u00e1jdete na <a href=\"http:\/\/www.nomantinels.sk\">www.nomantinels.sk<\/a> a\u00a0<a href=\"http:\/\/www.duhovyrok.sk\">www.duhovyrok.sk<\/a><\/p>\n\n\n\n<h3 class=\"wp-block-heading\">Kto s\u00fa na\u0161i donori<\/h3>\n\n\n\n<figure class=\"wp-block-gallery columns-4 is-cropped wp-block-gallery-1 is-layout-flex wp-block-gallery-is-layout-flex\"><ul class=\"blocks-gallery-grid\"><li class=\"blocks-gallery-item\"><figure><img loading=\"lazy\" decoding=\"async\" width=\"200\" height=\"150\" src=\"https:\/\/duhovyrok.sk\/qys\/wp-content\/uploads\/sites\/2\/2021\/02\/donor-01.png\" alt=\"\" data-id=\"2453\" data-full-url=\"https:\/\/duhovyrok.sk\/qys\/wp-content\/uploads\/sites\/2\/2021\/02\/donor-01.png\" data-link=\"https:\/\/duhovyrok.sk\/qys\/o-nas\/donor-01\/\" class=\"wp-image-2453\"\/><\/figure><\/li><li class=\"blocks-gallery-item\"><figure><img loading=\"lazy\" decoding=\"async\" width=\"201\" height=\"150\" src=\"https:\/\/duhovyrok.sk\/qys\/wp-content\/uploads\/sites\/2\/2021\/02\/donor-02.png\" alt=\"\" data-id=\"2454\" data-full-url=\"https:\/\/duhovyrok.sk\/qys\/wp-content\/uploads\/sites\/2\/2021\/02\/donor-02.png\" data-link=\"https:\/\/duhovyrok.sk\/qys\/o-nas\/donor-02\/\" class=\"wp-image-2454\"\/><\/figure><\/li><li class=\"blocks-gallery-item\"><figure><img loading=\"lazy\" decoding=\"async\" width=\"201\" height=\"150\" src=\"https:\/\/duhovyrok.sk\/qys\/wp-content\/uploads\/sites\/2\/2021\/02\/donor-03.png\" alt=\"\" data-id=\"2455\" data-full-url=\"https:\/\/duhovyrok.sk\/qys\/wp-content\/uploads\/sites\/2\/2021\/02\/donor-03.png\" data-link=\"https:\/\/duhovyrok.sk\/qys\/o-nas\/donor-03\/\" class=\"wp-image-2455\"\/><\/figure><\/li><li class=\"blocks-gallery-item\"><figure><img loading=\"lazy\" decoding=\"async\" width=\"201\" height=\"150\" src=\"https:\/\/duhovyrok.sk\/qys\/wp-content\/uploads\/sites\/2\/2021\/02\/donor-04.png\" alt=\"\" data-id=\"2456\" data-full-url=\"https:\/\/duhovyrok.sk\/qys\/wp-content\/uploads\/sites\/2\/2021\/02\/donor-04.png\" data-link=\"https:\/\/duhovyrok.sk\/qys\/o-nas\/donor-04\/\" class=\"wp-image-2456\"\/><\/figure><\/li><\/ul><\/figure>\n\n\n\n<p>Magaz\u00edn QYS vych\u00e1dza\u00a0 v roku 2018 v\u010faka finan\u010dnej podpore z verejn\u00fdch zdrojov\u00a0<a href=\"http:\/\/www.fpu.sk\/sk\/\">Fondu na podporu umenia\u00a0<\/a>a\u00a0<a href=\"https:\/\/www.justice.gov.sk\/Stranky\/default.aspx\">Ministerstva spravodlivosti SR<\/a>.<\/p>\n\n\n\n<p>Magaz\u00edn v roku 2016 a 2017 vych\u00e1dzal s finan\u010dnou podporou\u00a0<a href=\"http:\/\/www.culture.gov.sk\/\">Ministerstva kult\u00fary SR<\/a>.<\/p>\n\n\n\n<p>Individu\u00e1lni donori v\u00a0r\u00e1mci v\u00fdzvy na Startlabe, ktor\u00ed podporili vydanie Magaz\u00ednu jar 2018 a\u00a0ktor\u00fdm ve\u013emi pekne \u010fakujeme!<\/p>\n","protected":false},"excerpt":{"rendered":"<p>Magaz\u00edn Queer Youth Slovakia (QYS)&nbsp; LGBTI magaz\u00edn Queer Youth Slovakia (QYS) je tla\u010den\u00fd a online magaz\u00edn, ktor\u00e9ho hlavn\u00fdm cie\u013eom je prin\u00e1\u0161a\u0165 vecn\u00e9, objekt\u00edvne a p\u00fatav\u00e9 inform\u00e1cie, nov\u00e9 poh\u013eady a zauj\u00edmavosti z oblasti queer kult\u00fary, vedy a \u017eivota, ur\u010den\u00fd pre lesby, gejov, bisexu\u00e1lnych, transrodov\u00fdch a&nbsp;intersexu\u00e1lnych \u013eud\u00ed na Slovensku a nielen pre nich, pre ka\u017ed\u00e9ho koho zauj\u00edma <a href=\"https:\/\/duhovyrok.sk\/qys\/o-nas\/\" class=\"more-link\">&#8230;<\/a><\/p>\n","protected":false},"author":1,"featured_media":0,"parent":0,"menu_order":0,"comment_status":"closed","ping_status":"closed","template":"","meta":{"footnotes":""},"class_list":["post-2448","page","type-page","status-publish","hentry"],"_links":{"self":[{"href":"https:\/\/duhovyrok.sk\/qys\/wp-json\/wp\/v2\/pages\/2448","targetHints":{"allow":["GET"]}}],"collection":[{"href":"https:\/\/duhovyrok.sk\/qys\/wp-json\/wp\/v2\/pages"}],"about":[{"href":"https:\/\/duhovyrok.sk\/qys\/wp-json\/wp\/v2\/types\/page"}],"author":[{"embeddable":true,"href":"https:\/\/duhovyrok.sk\/qys\/wp-json\/wp\/v2\/users\/1"}],"replies":[{"embeddable":true,"href":"https:\/\/duhovyrok.sk\/qys\/wp-json\/wp\/v2\/comments?post=2448"}],"version-history":[{"count":3,"href":"https:\/\/duhovyrok.sk\/qys\/wp-json\/wp\/v2\/pages\/2448\/revisions"}],"predecessor-version":[{"id":2457,"href":"https:\/\/duhovyrok.sk\/qys\/wp-json\/wp\/v2\/pages\/2448\/revisions\/2457"}],"wp:attachment":[{"href":"https:\/\/duhovyrok.sk\/qys\/wp-json\/wp\/v2\/media?parent=2448"}],"curies":[{"name":"wp","href":"https:\/\/api.w.org\/{rel}","templated":true}]}}