{"id":894,"date":"2021-02-19T19:55:11","date_gmt":"2021-02-19T18:55:11","guid":{"rendered":"https:\/\/duhovyrok.sk\/nomantinels\/?page_id=894"},"modified":"2024-07-07T15:31:37","modified_gmt":"2024-07-07T13:31:37","slug":"kontakt","status":"publish","type":"page","link":"https:\/\/duhovyrok.sk\/nomantinels\/kontakt\/","title":{"rendered":"Kontakt"},"content":{"rendered":"\n<p><strong>Adresa:<\/strong><\/p>\n\n\n\n<ul class=\"wp-block-list\">\n<li>Tom\u00e1\u0161ikova 12571\/50C<\/li>\n\n\n\n<li>Bratislava<\/li>\n\n\n\n<li>831 04\u00a0<\/li>\n\n\n\n<li>Slovensko<\/li>\n<\/ul>\n\n\n\n<p><strong>E-mail:<\/strong><\/p>\n\n\n\n<ul class=\"wp-block-list\">\n<li><a href=\"mailto:info@nomantinels.sk\">info@nomantinels.sk<\/a><\/li>\n\n\n\n<li>andrej@nomantinels.sk<\/li>\n<\/ul>\n\n\n\n<p><strong>Pr\u00e1vna forma:<\/strong><\/p>\n\n\n\n<ul class=\"wp-block-list\">\n<li>Ob\u010dianske zdru\u017eenie<\/li>\n<\/ul>\n\n\n\n<p><strong>\u010c\u00edslo \u00fa\u010dtu:<\/strong><\/p>\n\n\n\n<ul class=\"wp-block-list\">\n<li>2835038356\/0200 (V\u0161eobecn\u00e1 \u00faverov\u00e1 banka, a.s.)<\/li>\n<\/ul>\n\n\n\n<p><strong>Podporte n\u00e1s \u2764:<\/strong><\/p>\n\n\n\n<ul class=\"wp-block-list\">\n<li>Fina\u010dne n\u00e1s m\u00f4\u017ete podpori\u0165 cez toto \u010d\u00edslo \u00fa\u010dtu 2835038356\/0200 (V\u0161eobecn\u00e1 \u00faverov\u00e1 banka, a.s.) pr\u00edpadne cez tento QR k\u00f3d<\/li>\n<\/ul>\n\n\n\n<figure class=\"wp-block-image size-full\"><img loading=\"lazy\" decoding=\"async\" width=\"473\" height=\"465\" src=\"https:\/\/duhovyrok.sk\/nomantinels\/wp-content\/uploads\/sites\/5\/2024\/01\/NOMANTINELS_QR.png\" alt=\"\" class=\"wp-image-1434\" \/><\/figure>\n","protected":false},"excerpt":{"rendered":"<p>Adresa: E-mail: Pr\u00e1vna forma: \u010c\u00edslo \u00fa\u010dtu: Podporte n\u00e1s \u2764:<\/p>\n","protected":false},"author":1,"featured_media":0,"parent":0,"menu_order":0,"comment_status":"closed","ping_status":"closed","template":"","meta":{"footnotes":""},"class_list":["post-894","page","type-page","status-publish","hentry"],"_links":{"self":[{"href":"https:\/\/duhovyrok.sk\/nomantinels\/wp-json\/wp\/v2\/pages\/894","targetHints":{"allow":["GET"]}}],"collection":[{"href":"https:\/\/duhovyrok.sk\/nomantinels\/wp-json\/wp\/v2\/pages"}],"about":[{"href":"https:\/\/duhovyrok.sk\/nomantinels\/wp-json\/wp\/v2\/types\/page"}],"author":[{"embeddable":true,"href":"https:\/\/duhovyrok.sk\/nomantinels\/wp-json\/wp\/v2\/users\/1"}],"replies":[{"embeddable":true,"href":"https:\/\/duhovyrok.sk\/nomantinels\/wp-json\/wp\/v2\/comments?post=894"}],"version-history":[{"count":5,"href":"https:\/\/duhovyrok.sk\/nomantinels\/wp-json\/wp\/v2\/pages\/894\/revisions"}],"predecessor-version":[{"id":1567,"href":"https:\/\/duhovyrok.sk\/nomantinels\/wp-json\/wp\/v2\/pages\/894\/revisions\/1567"}],"wp:attachment":[{"href":"https:\/\/duhovyrok.sk\/nomantinels\/wp-json\/wp\/v2\/media?parent=894"}],"curies":[{"name":"wp","href":"https:\/\/api.w.org\/{rel}","templated":true}]}}