{"id":770,"date":"2023-10-02T16:19:50","date_gmt":"2023-10-02T14:19:50","guid":{"rendered":"https:\/\/duhovyrok.sk\/drama-queer\/?page_id=770"},"modified":"2025-09-20T19:17:47","modified_gmt":"2025-09-20T17:17:47","slug":"miesta-konania","status":"publish","type":"page","link":"https:\/\/duhovyrok.sk\/drama-queer\/miesta-konania\/","title":{"rendered":"Miesta konania"},"content":{"rendered":"\n<h2 class=\"wp-block-heading\">Kult\u00farne centrum P*AKT<\/h2>\n\n\n\n<p><a href=\"https:\/\/pakt.sk\" target=\"_blank\" rel=\"noreferrer noopener\">pakt.sk<\/a> \u2014 <a href=\"https:\/\/maps.app.goo.gl\/f4gREw9eMupjBQHe8\" data-type=\"link\" data-id=\"https:\/\/maps.app.goo.gl\/f4gREw9eMupjBQHe8\" target=\"_blank\" rel=\"noreferrer noopener\">Pionierska 17, Bratislava<\/a><\/p>\n\n\n\n<h2 class=\"wp-block-heading\">A4 priestor s\u00fa\u010dasnej kult\u00fary<\/h2>\n\n\n\n<p><a href=\"https:\/\/a4.sk\/\" data-type=\"link\" data-id=\"https:\/\/a4.sk\/\" target=\"_blank\" rel=\"noreferrer noopener\">a4.sk<\/a> \u2014 <a href=\"https:\/\/maps.app.goo.gl\/nGYVwTVzNN4vMiHA7\" data-type=\"link\" data-id=\"https:\/\/maps.app.goo.gl\/nGYVwTVzNN4vMiHA7\" target=\"_blank\" rel=\"noreferrer noopener\">Karpatsk\u00e1 2, Bratislava<\/a><\/p>\n\n\n\n<h2 class=\"wp-block-heading\">Divadlo Lab.<\/h2>\n\n\n\n<p><a href=\"https:\/\/divadlolab.vsmu.sk\/\" target=\"_blank\" rel=\"noreferrer noopener\">divadlolab.vsmu.sk<\/a> \u2014 <a href=\"https:\/\/maps.app.goo.gl\/YsxpkYJc1hyHroTy8\" data-type=\"link\" data-id=\"https:\/\/maps.app.goo.gl\/6baFj7RZLi696w966\" target=\"_blank\" rel=\"noreferrer noopener\">Svoradova 4, Bratislava<\/a><\/p>\n\n\n\n<h2 class=\"wp-block-heading\">DPOH<\/h2>\n\n\n\n<p><a href=\"https:\/\/dpoh.sk\/\" target=\"_blank\" rel=\"noreferrer noopener\">dpoh.sk<\/a> \u2014 <a href=\"https:\/\/maps.app.goo.gl\/3HcgAd8cTCiVNopq6\" data-type=\"link\" data-id=\"https:\/\/maps.app.goo.gl\/3HcgAd8cTCiVNopq6\">Laurinsk\u00e1 20, Bratislava<\/a><\/p>\n\n\n\n<h2 class=\"wp-block-heading\">DK Zrkadlov\u00fd h\u00e1j<\/h2>\n\n\n\n<p><a href=\"https:\/\/maps.app.goo.gl\/QsRT7BRhgra6nfiZ7\" data-type=\"link\" data-id=\"https:\/\/maps.app.goo.gl\/QsRT7BRhgra6nfiZ7\" target=\"_blank\" rel=\"noreferrer noopener\">Rovniankova 3, Bratislava<\/a><\/p>\n","protected":false},"excerpt":{"rendered":"<p>Kult\u00farne centrum P*AKT pakt.sk \u2014 Pionierska 17, Bratislava A4 priestor s\u00fa\u010dasnej kult\u00fary a4.sk \u2014 Karpatsk\u00e1 2, Bratislava Divadlo Lab. divadlolab.vsmu.sk \u2014 Svoradova 4, Bratislava DPOH dpoh.sk \u2014 Laurinsk\u00e1 20, Bratislava DK Zrkadlov\u00fd h\u00e1j Rovniankova 3, Bratislava<\/p>\n","protected":false},"author":1,"featured_media":0,"parent":0,"menu_order":0,"comment_status":"closed","ping_status":"closed","template":"","meta":{"footnotes":""},"class_list":["post-770","page","type-page","status-publish","hentry"],"_links":{"self":[{"href":"https:\/\/duhovyrok.sk\/drama-queer\/wp-json\/wp\/v2\/pages\/770","targetHints":{"allow":["GET"]}}],"collection":[{"href":"https:\/\/duhovyrok.sk\/drama-queer\/wp-json\/wp\/v2\/pages"}],"about":[{"href":"https:\/\/duhovyrok.sk\/drama-queer\/wp-json\/wp\/v2\/types\/page"}],"author":[{"embeddable":true,"href":"https:\/\/duhovyrok.sk\/drama-queer\/wp-json\/wp\/v2\/users\/1"}],"replies":[{"embeddable":true,"href":"https:\/\/duhovyrok.sk\/drama-queer\/wp-json\/wp\/v2\/comments?post=770"}],"version-history":[{"count":5,"href":"https:\/\/duhovyrok.sk\/drama-queer\/wp-json\/wp\/v2\/pages\/770\/revisions"}],"predecessor-version":[{"id":1048,"href":"https:\/\/duhovyrok.sk\/drama-queer\/wp-json\/wp\/v2\/pages\/770\/revisions\/1048"}],"wp:attachment":[{"href":"https:\/\/duhovyrok.sk\/drama-queer\/wp-json\/wp\/v2\/media?parent=770"}],"curies":[{"name":"wp","href":"https:\/\/api.w.org\/{rel}","templated":true}]}}