{"id":75,"date":"2021-02-19T09:48:50","date_gmt":"2021-02-19T08:48:50","guid":{"rendered":"https:\/\/duhovyrok.sk\/drama-queer\/?page_id=75"},"modified":"2021-02-19T09:48:50","modified_gmt":"2021-02-19T08:48:50","slug":"o-festivale","status":"publish","type":"page","link":"https:\/\/duhovyrok.sk\/drama-queer\/o-festivale\/","title":{"rendered":"O festivale"},"content":{"rendered":"\n<p>Divadeln\u00fd festival DRAMA QUEER prostredn\u00edctvom prehliadky divadeln\u00fdch inscen\u00e1ci\u00ed s LGBTI\/Q (lesieb, gejov, bisexu\u00e1lnych, transrodov\u00fdch, intersexu\u00e1lnych a queer \u013eud\u00ed) tematikou rozpr\u00e1va a zvidite\u013enuje \u017eivoty LGBTI\/Q \u013eud\u00ed v spolo\u010dnosti. Zmier\u0148uje homof\u00f3biu\/transf\u00f3biu\/bif\u00f3biu, ktor\u00e1 v s\u00fa\u010dasnosti naber\u00e1 op\u00e4\u0165 na obr\u00e1tkach. Ide o jedine\u010dn\u00fa udalos\u0165, ktor\u00e1 sa nikdy pred t\u00fdm na Slovensku nerealizovala.<\/p>\n\n\n\n<p>Vytv\u00e1rame priestor pre nov\u00fa formu divadla, a to queer divadla, pre \u013eud\u00ed, ktor\u00ed boli predt\u00fdm neexistuj\u00faci, nevidite\u013en\u00ed, ktor\u00ed h\u013eadaj\u00fa miesto pre svoju identitu (\u010di u\u017e vo vz\u0165ahu k sexu\u00e1lnej orient\u00e1cii, alebo rodovej identite). V tomto priestore ich identita nebude viac vn\u00edman\u00e1 cez k\u013e\u00fa\u010dov\u00fa dierku hanby, traumy a pon\u00ed\u017eenia, ale ako nie\u010do osobit\u00e9 v \u0161trukt\u00fare ich \u017eivotov. <\/p>\n\n\n\n<p>Festival Drama Queer je tu pre \u0161irok\u00fa verejnos\u0165, LGBTI\/Q komunitu, \u0161tudentov a \u0161tudentky, ml\u00e1de\u017e a v\u0161etk\u00fdch, ktor\u00ed maj\u00fa z\u00e1ujem oslavova\u0165 jedine\u010dnos\u0165 \u017eivota.<\/p>\n","protected":false},"excerpt":{"rendered":"<p>Divadeln\u00fd festival DRAMA QUEER prostredn\u00edctvom prehliadky divadeln\u00fdch inscen\u00e1ci\u00ed s LGBTI\/Q (lesieb, gejov, bisexu\u00e1lnych, transrodov\u00fdch, intersexu\u00e1lnych a queer \u013eud\u00ed) tematikou rozpr\u00e1va a zvidite\u013enuje \u017eivoty LGBTI\/Q \u013eud\u00ed v spolo\u010dnosti. Zmier\u0148uje homof\u00f3biu\/transf\u00f3biu\/bif\u00f3biu, ktor\u00e1 v s\u00fa\u010dasnosti naber\u00e1 op\u00e4\u0165 na obr\u00e1tkach. Ide o jedine\u010dn\u00fa udalos\u0165, ktor\u00e1 sa nikdy pred t\u00fdm na Slovensku nerealizovala. Vytv\u00e1rame priestor pre nov\u00fa formu divadla, a <a href=\"https:\/\/duhovyrok.sk\/drama-queer\/o-festivale\/\" class=\"more-link\">&#8230;<\/a><\/p>\n","protected":false},"author":1,"featured_media":0,"parent":0,"menu_order":0,"comment_status":"closed","ping_status":"closed","template":"","meta":{"footnotes":""},"class_list":["post-75","page","type-page","status-publish","hentry"],"_links":{"self":[{"href":"https:\/\/duhovyrok.sk\/drama-queer\/wp-json\/wp\/v2\/pages\/75","targetHints":{"allow":["GET"]}}],"collection":[{"href":"https:\/\/duhovyrok.sk\/drama-queer\/wp-json\/wp\/v2\/pages"}],"about":[{"href":"https:\/\/duhovyrok.sk\/drama-queer\/wp-json\/wp\/v2\/types\/page"}],"author":[{"embeddable":true,"href":"https:\/\/duhovyrok.sk\/drama-queer\/wp-json\/wp\/v2\/users\/1"}],"replies":[{"embeddable":true,"href":"https:\/\/duhovyrok.sk\/drama-queer\/wp-json\/wp\/v2\/comments?post=75"}],"version-history":[{"count":1,"href":"https:\/\/duhovyrok.sk\/drama-queer\/wp-json\/wp\/v2\/pages\/75\/revisions"}],"predecessor-version":[{"id":76,"href":"https:\/\/duhovyrok.sk\/drama-queer\/wp-json\/wp\/v2\/pages\/75\/revisions\/76"}],"wp:attachment":[{"href":"https:\/\/duhovyrok.sk\/drama-queer\/wp-json\/wp\/v2\/media?parent=75"}],"curies":[{"name":"wp","href":"https:\/\/api.w.org\/{rel}","templated":true}]}}